{"id":297,"date":"2025-12-07T15:15:57","date_gmt":"2025-12-07T15:15:57","guid":{"rendered":"https:\/\/yesmorocco.org\/?page_id=297"},"modified":"2025-12-08T15:53:33","modified_gmt":"2025-12-08T15:53:33","slug":"netwro","status":"publish","type":"page","link":"https:\/\/yesmorocco.org\/ar\/netwro\/","title":{"rendered":"Net@Wro"},"content":{"rendered":"\t\t<div data-elementor-type=\"wp-page\" data-elementor-id=\"297\" class=\"elementor elementor-297\" data-elementor-post-type=\"page\">\n\t\t\t\t\t\t<section class=\"elementor-section elementor-top-section elementor-element elementor-element-383f4565 elementor-section-boxed elementor-section-height-default elementor-section-height-default\" data-id=\"383f4565\" data-element_type=\"section\" data-e-type=\"section\">\n\t\t\t\t\t\t<div class=\"elementor-container elementor-column-gap-no\">\n\t\t\t\t\t<div class=\"elementor-column elementor-col-50 elementor-top-column elementor-element elementor-element-51cf9428\" data-id=\"51cf9428\" data-element_type=\"column\" data-e-type=\"column\">\n\t\t\t<div class=\"elementor-widget-wrap elementor-element-populated\">\n\t\t\t\t\t\t<div class=\"elementor-element elementor-element-247203f9 elementor-widget elementor-widget-image\" data-id=\"247203f9\" data-element_type=\"widget\" data-e-type=\"widget\" data-widget_type=\"image.default\">\n\t\t\t\t\t\t\t\t\t\t\t\t\t\t\t<img fetchpriority=\"high\" decoding=\"async\" width=\"768\" height=\"768\" src=\"https:\/\/yesmorocco.org\/wp-content\/uploads\/2025\/12\/487358551_999449088949865_1307060244264538536_n-768x768-1.jpg\" class=\"attachment-large size-large wp-image-317\" alt=\"\" srcset=\"https:\/\/yesmorocco.org\/wp-content\/uploads\/2025\/12\/487358551_999449088949865_1307060244264538536_n-768x768-1.jpg 768w, https:\/\/yesmorocco.org\/wp-content\/uploads\/2025\/12\/487358551_999449088949865_1307060244264538536_n-768x768-1-300x300.jpg 300w, https:\/\/yesmorocco.org\/wp-content\/uploads\/2025\/12\/487358551_999449088949865_1307060244264538536_n-768x768-1-150x150.jpg 150w, https:\/\/yesmorocco.org\/wp-content\/uploads\/2025\/12\/487358551_999449088949865_1307060244264538536_n-768x768-1-600x600.jpg 600w, https:\/\/yesmorocco.org\/wp-content\/uploads\/2025\/12\/487358551_999449088949865_1307060244264538536_n-768x768-1-100x100.jpg 100w\" sizes=\"(max-width: 768px) 100vw, 768px\" \/>\t\t\t\t\t\t\t\t\t\t\t\t\t\t\t<\/div>\n\t\t\t\t<div class=\"elementor-element elementor-element-43d591ac elementor-widget elementor-widget-text-editor\" data-id=\"43d591ac\" data-element_type=\"widget\" data-e-type=\"widget\" data-widget_type=\"text-editor.default\">\n\t\t\t\t\t\t\t\t\t<p><strong>NET-Tawro : An Ambitious Project for the Digitalization of Associative Work<\/strong><\/p><p>The YES Association is spearheading a pivotal project that leverages its deep expertise in the digital realm to significantly advance the capabilities and impact of the Moroccan associative sector. This initiative is not only modernizing the operational framework for non-governmental organizations but is also strategically aligned with the Moroccan government\u2019s forward-thinking vision for a digitized nation and a more empowered civil society, as outlined in the \u201cNaseej 2022-2026\u201d strategy.<\/p><h4 class=\"wp-block-heading\"><strong>Discover Our Journey: Project Video Capsules<\/strong><\/h4><main id=\"content\" class=\"neve-main\"><div class=\"container single-page-container\"><div class=\"row\"><div class=\"nv-single-page-wrap col\"><div class=\"nv-content-wrap entry-content\"><p>We are thrilled to share a series of video capsules that bring our project to life. These short films highlight the experiences of participating associations, showcase the tangible results of digital integration, and feature insights from the leaders and beneficiaries of this transformative initiative.<\/p><\/div><\/div><\/div><\/div><\/main>\t\t\t\t\t\t\t\t<\/div>\n\t\t\t\t<div class=\"elementor-element elementor-element-71d26a7b elementor-pagination-position-outside elementor-widget elementor-widget-image-carousel\" data-id=\"71d26a7b\" data-element_type=\"widget\" data-e-type=\"widget\" data-settings=\"{&quot;slides_to_show&quot;:&quot;2&quot;,&quot;navigation&quot;:&quot;dots&quot;,&quot;autoplay&quot;:&quot;yes&quot;,&quot;pause_on_hover&quot;:&quot;yes&quot;,&quot;pause_on_interaction&quot;:&quot;yes&quot;,&quot;autoplay_speed&quot;:5000,&quot;infinite&quot;:&quot;yes&quot;,&quot;speed&quot;:500,&quot;image_spacing_custom&quot;:{&quot;unit&quot;:&quot;px&quot;,&quot;size&quot;:20,&quot;sizes&quot;:[]},&quot;image_spacing_custom_tablet&quot;:{&quot;unit&quot;:&quot;px&quot;,&quot;size&quot;:&quot;&quot;,&quot;sizes&quot;:[]},&quot;image_spacing_custom_mobile&quot;:{&quot;unit&quot;:&quot;px&quot;,&quot;size&quot;:&quot;&quot;,&quot;sizes&quot;:[]}}\" data-widget_type=\"image-carousel.default\">\n\t\t\t\t\t\t\t<div class=\"elementor-image-carousel-wrapper swiper\" role=\"region\" aria-roledescription=\"carousel\" aria-label=\"Image Carousel\" dir=\"ltr\">\n\t\t\t<div class=\"elementor-image-carousel swiper-wrapper\" aria-live=\"off\">\n\t\t\t\t\t\t\t\t<div class=\"swiper-slide\" role=\"group\" aria-roledescription=\"slide\" aria-label=\"1 of 7\"><figure class=\"swiper-slide-inner\"><img decoding=\"async\" class=\"swiper-slide-image\" src=\"https:\/\/yesmorocco.org\/wp-content\/uploads\/2025\/12\/486131938_999449408949833_4306087725846593276_n-768x768-1.jpg\" alt=\"486131938_999449408949833_4306087725846593276_n-768x768\" \/><\/figure><\/div><div class=\"swiper-slide\" role=\"group\" aria-roledescription=\"slide\" aria-label=\"2 of 7\"><figure class=\"swiper-slide-inner\"><img decoding=\"async\" class=\"swiper-slide-image\" src=\"https:\/\/yesmorocco.org\/wp-content\/uploads\/2025\/12\/487351687_999449372283170_1425066697381497514_n-768x768-1.jpg\" alt=\"487351687_999449372283170_1425066697381497514_n-768x768\" \/><\/figure><\/div><div class=\"swiper-slide\" role=\"group\" aria-roledescription=\"slide\" aria-label=\"3 of 7\"><figure class=\"swiper-slide-inner\"><img decoding=\"async\" class=\"swiper-slide-image\" src=\"https:\/\/yesmorocco.org\/wp-content\/uploads\/2025\/12\/486057759_999449268949847_3321891006722739380_n-768x768-1.jpg\" alt=\"486057759_999449268949847_3321891006722739380_n-768x768\" \/><\/figure><\/div><div class=\"swiper-slide\" role=\"group\" aria-roledescription=\"slide\" aria-label=\"4 of 7\"><figure class=\"swiper-slide-inner\"><img decoding=\"async\" class=\"swiper-slide-image\" src=\"https:\/\/yesmorocco.org\/wp-content\/uploads\/2025\/12\/487358551_999449088949865_1307060244264538536_n-768x768-1-1.jpg\" alt=\"487358551_999449088949865_1307060244264538536_n-768x768 (1)\" \/><\/figure><\/div><div class=\"swiper-slide\" role=\"group\" aria-roledescription=\"slide\" aria-label=\"5 of 7\"><figure class=\"swiper-slide-inner\"><img decoding=\"async\" class=\"swiper-slide-image\" src=\"https:\/\/yesmorocco.org\/wp-content\/uploads\/2025\/12\/487940761_999448882283219_6475080756033270838_n-768x768-1.jpg\" alt=\"487940761_999448882283219_6475080756033270838_n-768x768\" \/><\/figure><\/div><div class=\"swiper-slide\" role=\"group\" aria-roledescription=\"slide\" aria-label=\"6 of 7\"><figure class=\"swiper-slide-inner\"><img decoding=\"async\" class=\"swiper-slide-image\" src=\"https:\/\/yesmorocco.org\/wp-content\/uploads\/2025\/12\/487091185_999449252283182_5699381474748668493_n-1024x1024-1.jpg\" alt=\"487091185_999449252283182_5699381474748668493_n-1024x1024\" \/><\/figure><\/div><div class=\"swiper-slide\" role=\"group\" aria-roledescription=\"slide\" aria-label=\"7 of 7\"><figure class=\"swiper-slide-inner\"><img decoding=\"async\" class=\"swiper-slide-image\" src=\"https:\/\/yesmorocco.org\/wp-content\/uploads\/2025\/12\/447725305_796781215883321_4667568089892846685_n-edited.jpg\" alt=\"447725305_796781215883321_4667568089892846685_n-edited\" \/><\/figure><\/div>\t\t\t<\/div>\n\t\t\t\t\t\t\t\n\t\t\t\t\t\t\t\t\t<div class=\"swiper-pagination\"><\/div>\n\t\t\t\t\t\t\t\t\t<\/div>\n\t\t\t\t\t\t<\/div>\n\t\t\t\t<div class=\"elementor-element elementor-element-48f05c2e elementor-widget elementor-widget-heading\" data-id=\"48f05c2e\" data-element_type=\"widget\" data-e-type=\"widget\" data-widget_type=\"heading.default\">\n\t\t\t\t\t<h4 class=\"elementor-heading-title elementor-size-default\">Objectif G\u00e9n\u00e9ral:<\/h4>\t\t\t\t<\/div>\n\t\t\t\t<div class=\"elementor-element elementor-element-36d305d elementor-widget elementor-widget-text-editor\" data-id=\"36d305d\" data-element_type=\"widget\" data-e-type=\"widget\" data-widget_type=\"text-editor.default\">\n\t\t\t\t\t\t\t\t\t<p>Ce programme a pour objectif global de renforcer les capacit\u00e9s num\u00e9riques de 25 associations de la province de Kh\u00e9misset, en facilitant leur fonctionnement gr\u00e2ce aux outils digitaux et en assurant la protection de leurs donn\u00e9es \u00e9lectroniques.<\/p>\t\t\t\t\t\t\t\t<\/div>\n\t\t\t\t<div class=\"elementor-element elementor-element-cb1f91e elementor-widget elementor-widget-heading\" data-id=\"cb1f91e\" data-element_type=\"widget\" data-e-type=\"widget\" data-widget_type=\"heading.default\">\n\t\t\t\t\t<h4 class=\"elementor-heading-title elementor-size-default\">Specific Objectives:\n<\/h4>\t\t\t\t<\/div>\n\t\t\t\t<div class=\"elementor-element elementor-element-b35a550 elementor-widget elementor-widget-text-editor\" data-id=\"b35a550\" data-element_type=\"widget\" data-e-type=\"widget\" data-widget_type=\"text-editor.default\">\n\t\t\t\t\t\t\t\t\t<p>To achieve this general objective, the \u201cNET-Tawro\u201d project is designed with several key actions:<br \/>\u2013 Develop digital skills within associations through workshops covering digital archiving, cybersecurity, digital communication and marketing, visual identity, database creation, and electronic administrative management.<br \/>\u2013 Raise awareness and equip associations by producing four video capsules and a practical guide. These resources will highlight the importance of digitalization and introduce relevant tools and resources.<br \/>\u2013 Provide direct technical support to beneficiary associations. This includes assistance with creating simplified websites, implementing digital archiving solutions for their documents and data, and developing databases to organize information on members, beneficiaries, donors, and partners.<\/p>\t\t\t\t\t\t\t\t<\/div>\n\t\t\t\t\t<\/div>\n\t\t<\/div>\n\t\t\t\t<div class=\"elementor-column elementor-col-50 elementor-top-column elementor-element elementor-element-3cbd6561\" data-id=\"3cbd6561\" data-element_type=\"column\" data-e-type=\"column\">\n\t\t\t<div class=\"elementor-widget-wrap elementor-element-populated\">\n\t\t\t\t\t\t<section class=\"elementor-section elementor-inner-section elementor-element elementor-element-25b16839 elementor-section-boxed elementor-section-height-default elementor-section-height-default\" data-id=\"25b16839\" data-element_type=\"section\" data-e-type=\"section\">\n\t\t\t\t\t\t<div class=\"elementor-container elementor-column-gap-no\">\n\t\t\t\t\t<div class=\"elementor-column elementor-col-100 elementor-inner-column elementor-element elementor-element-26d31abf\" data-id=\"26d31abf\" data-element_type=\"column\" data-e-type=\"column\" data-settings=\"{&quot;background_background&quot;:&quot;classic&quot;}\">\n\t\t\t<div class=\"elementor-widget-wrap elementor-element-populated\">\n\t\t\t\t\t<div class=\"elementor-background-overlay\"><\/div>\n\t\t\t\t\t\t<div class=\"elementor-element elementor-element-575acd2a elementor-widget elementor-widget-text-editor\" data-id=\"575acd2a\" data-element_type=\"widget\" data-e-type=\"widget\" data-widget_type=\"text-editor.default\">\n\t\t\t\t\t\t\t\t\t<p>Youth Empowerment Society Association, in partnership with the Minister Delegate to the Head of Government in charge of Relations with Parliament, launched the \u201cNET-Tawro \u2013 \u0646\u062a\u0637\u0648\u0631\u0648\u0627\u201d project in January 2024 to digitalize associative work.<\/p>\t\t\t\t\t\t\t\t<\/div>\n\t\t\t\t\t<\/div>\n\t\t<\/div>\n\t\t\t\t\t<\/div>\n\t\t<\/section>\n\t\t\t\t<section class=\"elementor-section elementor-inner-section elementor-element elementor-element-361525b elementor-section-boxed elementor-section-height-default elementor-section-height-default\" data-id=\"361525b\" data-element_type=\"section\" data-e-type=\"section\">\n\t\t\t\t\t\t<div class=\"elementor-container elementor-column-gap-no\">\n\t\t\t\t\t<div class=\"elementor-column elementor-col-100 elementor-inner-column elementor-element elementor-element-793a1493\" data-id=\"793a1493\" data-element_type=\"column\" data-e-type=\"column\" data-settings=\"{&quot;background_background&quot;:&quot;classic&quot;}\">\n\t\t\t<div class=\"elementor-widget-wrap elementor-element-populated\">\n\t\t\t\t\t\t<div class=\"elementor-element elementor-element-72d6d2dd elementor-widget elementor-widget-heading\" data-id=\"72d6d2dd\" data-element_type=\"widget\" data-e-type=\"widget\" data-widget_type=\"heading.default\">\n\t\t\t\t\t<h5 class=\"elementor-heading-title elementor-size-default\">More Projects<\/h5>\t\t\t\t<\/div>\n\t\t\t\t<div class=\"elementor-element elementor-element-6755965e elementor-position-left elementor-vertical-align-middle elementor-widget elementor-widget-image-box\" data-id=\"6755965e\" data-element_type=\"widget\" data-e-type=\"widget\" data-widget_type=\"image-box.default\">\n\t\t\t\t\t<div class=\"elementor-image-box-wrapper\"><figure class=\"elementor-image-box-img\"><a href=\"https:\/\/yesmorocco.org\/nidaa-nouvelle-initiative-pour-le-developpement-des-actions-associatives\/\" tabindex=\"-1\"><img decoding=\"async\" width=\"768\" height=\"560\" src=\"https:\/\/yesmorocco.org\/wp-content\/uploads\/2025\/12\/445751211_792546262973483_5397151420126520040_n-768x560-1.jpg\" class=\"attachment-full size-full wp-image-318\" alt=\"\" srcset=\"https:\/\/yesmorocco.org\/wp-content\/uploads\/2025\/12\/445751211_792546262973483_5397151420126520040_n-768x560-1.jpg 768w, https:\/\/yesmorocco.org\/wp-content\/uploads\/2025\/12\/445751211_792546262973483_5397151420126520040_n-768x560-1-300x219.jpg 300w, https:\/\/yesmorocco.org\/wp-content\/uploads\/2025\/12\/445751211_792546262973483_5397151420126520040_n-768x560-1-600x438.jpg 600w\" sizes=\"(max-width: 768px) 100vw, 768px\" \/><\/a><\/figure><div class=\"elementor-image-box-content\"><h5 class=\"elementor-image-box-title\"><a href=\"https:\/\/yesmorocco.org\/nidaa-nouvelle-initiative-pour-le-developpement-des-actions-associatives\/\">NIDAA-Nouvelle Initiative pour le D\u00e9veloppement des Actions Associatives<\/a><\/h5><p class=\"elementor-image-box-description\">To promote youth political participation\n\n<\/p><\/div><\/div>\t\t\t\t<\/div>\n\t\t\t\t<div class=\"elementor-element elementor-element-6f1deb6a elementor-position-left elementor-vertical-align-middle elementor-widget elementor-widget-image-box\" data-id=\"6f1deb6a\" data-element_type=\"widget\" data-e-type=\"widget\" data-widget_type=\"image-box.default\">\n\t\t\t\t\t<div class=\"elementor-image-box-wrapper\"><figure class=\"elementor-image-box-img\"><a href=\"https:\/\/yesmorocco.org\/yes-academy-for-particpation-and-change\/\" tabindex=\"-1\"><img decoding=\"async\" width=\"2048\" height=\"1536\" src=\"https:\/\/yesmorocco.org\/wp-content\/uploads\/2025\/12\/301915129_2012365568964255_4902935638684109776_n.jpg\" class=\"attachment-full size-full wp-image-307\" alt=\"\" srcset=\"https:\/\/yesmorocco.org\/wp-content\/uploads\/2025\/12\/301915129_2012365568964255_4902935638684109776_n.jpg 2048w, https:\/\/yesmorocco.org\/wp-content\/uploads\/2025\/12\/301915129_2012365568964255_4902935638684109776_n-300x225.jpg 300w, https:\/\/yesmorocco.org\/wp-content\/uploads\/2025\/12\/301915129_2012365568964255_4902935638684109776_n-1024x768.jpg 1024w, https:\/\/yesmorocco.org\/wp-content\/uploads\/2025\/12\/301915129_2012365568964255_4902935638684109776_n-768x576.jpg 768w, https:\/\/yesmorocco.org\/wp-content\/uploads\/2025\/12\/301915129_2012365568964255_4902935638684109776_n-1536x1152.jpg 1536w, https:\/\/yesmorocco.org\/wp-content\/uploads\/2025\/12\/301915129_2012365568964255_4902935638684109776_n-600x450.jpg 600w\" sizes=\"(max-width: 2048px) 100vw, 2048px\" \/><\/a><\/figure><div class=\"elementor-image-box-content\"><h5 class=\"elementor-image-box-title\"><a href=\"https:\/\/yesmorocco.org\/yes-academy-for-particpation-and-change\/\">YES Academy For Particpation And Change<\/a><\/h5><p class=\"elementor-image-box-description\">To promote youth political participation<\/p><\/div><\/div>\t\t\t\t<\/div>\n\t\t\t\t<div class=\"elementor-element elementor-element-6c7eae5a elementor-position-left elementor-vertical-align-middle elementor-widget elementor-widget-image-box\" data-id=\"6c7eae5a\" data-element_type=\"widget\" data-e-type=\"widget\" data-widget_type=\"image-box.default\">\n\t\t\t\t\t<div class=\"elementor-image-box-wrapper\"><figure class=\"elementor-image-box-img\"><a href=\"https:\/\/yesmorocco.org\/same-work-same-rights\/\" tabindex=\"-1\"><img loading=\"lazy\" decoding=\"async\" width=\"278\" height=\"250\" src=\"https:\/\/yesmorocco.org\/wp-content\/uploads\/2025\/12\/unbound-img24.jpg\" class=\"attachment-full size-full wp-image-57\" alt=\"\" \/><\/a><\/figure><div class=\"elementor-image-box-content\"><h5 class=\"elementor-image-box-title\"><a href=\"https:\/\/yesmorocco.org\/same-work-same-rights\/\">Same work -Same rights<\/a><\/h5><p class=\"elementor-image-box-description\">To apply the principles of equality in the workplace<\/p><\/div><\/div>\t\t\t\t<\/div>\n\t\t\t\t\t<\/div>\n\t\t<\/div>\n\t\t\t\t\t<\/div>\n\t\t<\/section>\n\t\t\t\t<section class=\"elementor-section elementor-inner-section elementor-element elementor-element-56531bad elementor-section-boxed elementor-section-height-default elementor-section-height-default\" data-id=\"56531bad\" data-element_type=\"section\" data-e-type=\"section\">\n\t\t\t\t\t\t<div class=\"elementor-container elementor-column-gap-no\">\n\t\t\t\t\t<div class=\"elementor-column elementor-col-100 elementor-inner-column elementor-element elementor-element-300574a6\" data-id=\"300574a6\" data-element_type=\"column\" data-e-type=\"column\" data-settings=\"{&quot;background_background&quot;:&quot;classic&quot;}\">\n\t\t\t<div class=\"elementor-widget-wrap elementor-element-populated\">\n\t\t\t\t\t<div class=\"elementor-background-overlay\"><\/div>\n\t\t\t\t\t\t<div class=\"elementor-element elementor-element-60d16807 elementor-widget elementor-widget-heading\" data-id=\"60d16807\" data-element_type=\"widget\" data-e-type=\"widget\" data-widget_type=\"heading.default\">\n\t\t\t\t\t<h4 class=\"elementor-heading-title elementor-size-default\">Raise Hand For Charity<\/h4>\t\t\t\t<\/div>\n\t\t\t\t<div class=\"elementor-element elementor-element-48bf9ac8 elementor-widget elementor-widget-text-editor\" data-id=\"48bf9ac8\" data-element_type=\"widget\" data-e-type=\"widget\" data-widget_type=\"text-editor.default\">\n\t\t\t\t\t\t\t\t\t<p>Lorem ipsum dolor sit amet, consectetur adipiscing elit. Ut elit tellus, luctus.<\/p>\t\t\t\t\t\t\t\t<\/div>\n\t\t\t\t<div class=\"elementor-element elementor-element-1a6fe1a elementor-button-align-stretch elementor-widget elementor-widget-form\" data-id=\"1a6fe1a\" data-element_type=\"widget\" data-e-type=\"widget\" data-settings=\"{&quot;button_width&quot;:&quot;60&quot;,&quot;step_next_label&quot;:&quot;Next&quot;,&quot;step_previous_label&quot;:&quot;Previous&quot;,&quot;step_type&quot;:&quot;number_text&quot;,&quot;step_icon_shape&quot;:&quot;circle&quot;}\" data-widget_type=\"form.default\">\n\t\t\t\t\t\t\t<form class=\"elementor-form\" method=\"post\" name=\"New Form\" aria-label=\"New Form\">\n\t\t\t<input type=\"hidden\" name=\"post_id\" value=\"297\"\/>\n\t\t\t<input type=\"hidden\" name=\"form_id\" value=\"1a6fe1a\"\/>\n\t\t\t<input type=\"hidden\" name=\"referer_title\" value=\"Net@Wro\" \/>\n\n\t\t\t\t\t\t\t<input type=\"hidden\" name=\"queried_id\" value=\"297\"\/>\n\t\t\t\n\t\t\t<div class=\"elementor-form-fields-wrapper elementor-labels-\">\n\t\t\t\t\t\t\t\t<div class=\"elementor-field-type-text elementor-field-group elementor-column elementor-field-group-name elementor-col-100\">\n\t\t\t\t\t\t\t\t\t\t\t\t<label for=\"form-field-name\" class=\"elementor-field-label elementor-screen-only\">\n\t\t\t\t\t\t\t\tName\t\t\t\t\t\t\t<\/label>\n\t\t\t\t\t\t\t\t\t\t\t\t\t\t<input size=\"1\" type=\"text\" name=\"form_fields[name]\" id=\"form-field-name\" class=\"elementor-field elementor-size-sm  elementor-field-textual\" placeholder=\"Enter Name*\">\n\t\t\t\t\t\t\t\t\t\t\t<\/div>\n\t\t\t\t\t\t\t\t<div class=\"elementor-field-type-email elementor-field-group elementor-column elementor-field-group-field_5accbcf elementor-col-100 elementor-field-required\">\n\t\t\t\t\t\t\t\t\t\t\t\t<label for=\"form-field-field_5accbcf\" class=\"elementor-field-label elementor-screen-only\">\n\t\t\t\t\t\t\t\tEmail\t\t\t\t\t\t\t<\/label>\n\t\t\t\t\t\t\t\t\t\t\t\t\t\t<input size=\"1\" type=\"email\" name=\"form_fields[field_5accbcf]\" id=\"form-field-field_5accbcf\" class=\"elementor-field elementor-size-sm  elementor-field-textual\" placeholder=\"Enter Email*\" required=\"required\">\n\t\t\t\t\t\t\t\t\t\t\t<\/div>\n\t\t\t\t\t\t\t\t<div class=\"elementor-field-type-number elementor-field-group elementor-column elementor-field-group-email elementor-col-100 elementor-field-required\">\n\t\t\t\t\t\t\t\t\t\t\t\t<label for=\"form-field-email\" class=\"elementor-field-label elementor-screen-only\">\n\t\t\t\t\t\t\t\tNumber\t\t\t\t\t\t\t<\/label>\n\t\t\t\t\t\t\t\t\t<input type=\"number\" name=\"form_fields[email]\" id=\"form-field-email\" class=\"elementor-field elementor-size-sm  elementor-field-textual\" placeholder=\"Enter Phone No.*\" required=\"required\" min=\"\" max=\"\" >\n\t\t\t\t\t\t<\/div>\n\t\t\t\t\t\t\t\t<div class=\"elementor-field-group elementor-column elementor-field-type-submit elementor-col-60 e-form__buttons\">\n\t\t\t\t\t<button class=\"elementor-button elementor-size-sm\" type=\"submit\">\n\t\t\t\t\t\t<span class=\"elementor-button-content-wrapper\">\n\t\t\t\t\t\t\t\t\t\t\t\t\t\t\t\t\t\t\t\t\t\t<span class=\"elementor-button-text\">Involve Now<\/span>\n\t\t\t\t\t\t\t\t\t\t\t\t\t<\/span>\n\t\t\t\t\t<\/button>\n\t\t\t\t<\/div>\n\t\t\t<\/div>\n\t\t<\/form>\n\t\t\t\t\t\t<\/div>\n\t\t\t\t\t<\/div>\n\t\t<\/div>\n\t\t\t\t\t<\/div>\n\t\t<\/section>\n\t\t\t\t\t<\/div>\n\t\t<\/div>\n\t\t\t\t\t<\/div>\n\t\t<\/section>\n\t\t\t\t<\/div>\n\t\t","protected":false},"excerpt":{"rendered":"<p>NET-Tawro : An Ambitious Project for the Digitalization of Associative Work The YES Association is spearheading a pivotal project that leverages its deep expertise in the digital realm to significantly advance the capabilities and impact of the Moroccan associative sector. This initiative is not only modernizing the operational framework for non-governmental organizations but is also [&hellip;]<\/p>\n","protected":false},"author":1,"featured_media":0,"parent":0,"menu_order":0,"comment_status":"closed","ping_status":"closed","template":"","meta":{"footnotes":""},"class_list":["post-297","page","type-page","status-publish","hentry"],"_links":{"self":[{"href":"https:\/\/yesmorocco.org\/ar\/wp-json\/wp\/v2\/pages\/297","targetHints":{"allow":["GET"]}}],"collection":[{"href":"https:\/\/yesmorocco.org\/ar\/wp-json\/wp\/v2\/pages"}],"about":[{"href":"https:\/\/yesmorocco.org\/ar\/wp-json\/wp\/v2\/types\/page"}],"author":[{"embeddable":true,"href":"https:\/\/yesmorocco.org\/ar\/wp-json\/wp\/v2\/users\/1"}],"replies":[{"embeddable":true,"href":"https:\/\/yesmorocco.org\/ar\/wp-json\/wp\/v2\/comments?post=297"}],"version-history":[{"count":7,"href":"https:\/\/yesmorocco.org\/ar\/wp-json\/wp\/v2\/pages\/297\/revisions"}],"predecessor-version":[{"id":582,"href":"https:\/\/yesmorocco.org\/ar\/wp-json\/wp\/v2\/pages\/297\/revisions\/582"}],"wp:attachment":[{"href":"https:\/\/yesmorocco.org\/ar\/wp-json\/wp\/v2\/media?parent=297"}],"curies":[{"name":"wp","href":"https:\/\/api.w.org\/{rel}","templated":true}]}}