{"id":913,"date":"2026-01-21T13:29:24","date_gmt":"2026-01-21T13:29:24","guid":{"rendered":"https:\/\/yesmorocco.org\/?page_id=913"},"modified":"2026-03-26T18:15:22","modified_gmt":"2026-03-26T18:15:22","slug":"services-de-restauration","status":"publish","type":"page","link":"https:\/\/yesmorocco.org\/ar\/services-de-restauration\/","title":{"rendered":"SERVICES DE RESTAURATION"},"content":{"rendered":"<div data-elementor-type=\"wp-page\" data-elementor-id=\"913\" class=\"elementor elementor-913\" data-elementor-post-type=\"page\">\n\t\t\t\t<div class=\"elementor-element elementor-element-7c44186 e-flex e-con-boxed e-con e-parent\" data-id=\"7c44186\" data-element_type=\"container\" data-e-type=\"container\">\n\t\t\t\t\t<div class=\"e-con-inner\">\n\t\t\t\t<div class=\"elementor-element elementor-element-2a24576 elementor-widget elementor-widget-heading\" data-id=\"2a24576\" data-element_type=\"widget\" data-e-type=\"widget\" data-widget_type=\"heading.default\">\n\t\t\t\t\t<h4 class=\"elementor-heading-title elementor-size-default\"><h2 data-path-to-node=\"2\"><b data-path-to-node=\"2\" data-index-in-node=\"0\">AVIS D'APPEL D'OFFRES : SERVICES DE RESTAURATION<\/b><\/h2><\/h4>\t\t\t\t<\/div>\n\t\t\t\t<div class=\"elementor-element elementor-element-1400f0c elementor-widget elementor-widget-text-editor\" data-id=\"1400f0c\" data-element_type=\"widget\" data-e-type=\"widget\" data-widget_type=\"text-editor.default\">\n\t\t\t\t\t\t\t\t\t<p><span class=\"citation-199\">Dans le cadre de la mise en \u0153uvre du projet <\/span><span class=\"citation-199\">SAFE-MIT<\/span><span class=\"citation-199\">, l&#8217;association <\/span><span class=\"citation-199\">Youth Empowerment Society<\/span><span class=\"citation-199\"> lance un appel d&#8217;offres pour la s\u00e9lection d&#8217;un prestataire de services de restauration afin d&#8217;assurer les prestations pour ses activit\u00e9s pr\u00e9vues \u00e0 <\/span><span class=\"citation-199\">T\u00e9mara, Sal\u00e9, et Sidi Kacem<\/span>.<\/p><h5><b>1. Calendrier et Volume des Prestations<\/b><\/h5><p>Le nombre de participants est fix\u00e9 \u00e0 40 personnes par ville et par jour.<\/p><table><tbody><tr><td><p><b>Ville<\/b><\/p><\/td><td><p><b>Date<\/b><\/p><\/td><td><p><b>Prestation Demand\u00e9e<\/b><\/p><\/td><td><p><b>Effectif<\/b><\/p><\/td><\/tr><tr><td><p>T\u00e9mara<\/p><\/td><td><p>11 &#8211; 12 F\u00e9vrier 2026<\/p><\/td><td><p>REPAS COMPLET : Salade Vari\u00e9e, Poulet R\u00f4ti ,Dessert (fruit de saison), Boissons Gazeuses\u00a0<\/p><p>Pause-Caf\u00e9 Par Jour &#8211; Formule : Viennoiseries &#8211; Th\u00e9 &#8211; Caf\u00e9 &#8211; Jus d&#8217;Avocat et d&#8217;Orange &#8211; P\u00e2tisserie Marocaine &#8211; Eau Min\u00e9ral<\/p><\/td><td><p>40 pers \/ jour<\/p><\/td><\/tr><tr><td><p>Sal\u00e9<\/p><\/td><td><p>16 &#8211; 18 F\u00e9vrier 2026<\/p><\/td><td><p>REPAS COMPLET :\u00a0<span style=\"font-size: 0.9em;\">Salade Vari\u00e9e,<\/span><span style=\"font-size: 0.9em;\">\u00a0<\/span><span style=\"font-size: 0.9em;\">Poulet R\u00f4ti ,Dessert (fruit de saison), Boissons Gazeuses\u00a0<\/span><\/p><p>Pause-Caf\u00e9 Par Jour &#8211; Formule : Viennoiseries &#8211; Th\u00e9 &#8211; Caf\u00e9 &#8211; Jus d&#8217;Avocat et d&#8217;Orange &#8211; P\u00e2tisserie Marocaine &#8211; Eau Min\u00e9ral<\/p><\/td><td><p>40 pers \/ jour<\/p><\/td><\/tr><tr><td><p>Sidi Kacem<\/p><\/td><td><p>17 F\u00e9vrier 2026<\/p><\/td><td><p>REPAS COMPLET : Poulet R\u00f4ti ,Dessert (fruit de saison), Boissons Gazeuses\u00a0<\/p><p>Pause-Caf\u00e9 Par Jour &#8211; Formule : Viennoiseries &#8211; Th\u00e9 &#8211; Caf\u00e9 &#8211; Jus d&#8217;Avocat et d&#8217;Orange &#8211; P\u00e2tisserie Marocaine &#8211; Eau Min\u00e9ral<\/p><\/td><td><p>40 pers \/ jour<\/p><\/td><\/tr><\/tbody><\/table><h5><b>2. D\u00e9tails Techniques des Menus<\/b><\/h5><p><strong>REPAS COMPLET :<\/strong><\/p><ul><li aria-level=\"2\">Salade Vari\u00e9e (uniquement pour T\u00e9mara et Sal\u00e9).<\/li><\/ul><ul><li aria-level=\"2\">Poulet R\u00f4ti.<\/li><\/ul><ul><li aria-level=\"2\">Dessert (Fruit de saison).<\/li><\/ul><ul><li aria-level=\"2\">Boissons Gazeuses.<\/li><\/ul><p><strong>PAUSE-CAF\u00c9 PAR JOUR (Formule Compl\u00e8te) :<\/strong><\/p><ul><li aria-level=\"2\">Viennoiseries et P\u00e2tisserie Marocaine.<\/li><\/ul><ul><li aria-level=\"2\">Boissons Chaudes : Th\u00e9 et Caf\u00e9.<\/li><\/ul><ul><li aria-level=\"2\">Boissons Froides : Jus d&#8217;Avocat, Jus d&#8217;Orange et Eau Min\u00e9rale.<\/li><\/ul><h5><b>3. Modalit\u00e9s de Candidature<\/b><\/h5><p>Les prestataires int\u00e9ress\u00e9s doivent soumettre leur offre financi\u00e8re d\u00e9taill\u00e9e (prix unitaire et global) au plus tard <span style=\"color: #ff0000;\">le 04 F\u00e9vrier 2026<\/span>.<\/p><ul><li aria-level=\"1\">Par Email : <a href=\"mailto:safemit@yesmorocco.org\">safemit@yesmorocco.org<\/a><\/li><\/ul><ul><li aria-level=\"1\">Adresse du si\u00e8ge : Quartier Salam 1 N\u00b090, 2\u00e8me \u00e9tage, AV Ibn Tachafine, Tiflet.<\/li><\/ul><p><b>Fait \u00e0 Tiflet, le 21 Janvier 2026<\/b><\/p>\t\t\t\t\t\t\t\t<\/div>\n\t\t\t\t\t<\/div>\n\t\t\t\t<\/div>\n\t\t\t\t<\/div>","protected":false},"excerpt":{"rendered":"<p>AVIS D&#8217;APPEL D&#8217;OFFRES : SERVICES DE RESTAURATION Dans le cadre de la mise en \u0153uvre du projet SAFE-MIT, l&#8217;association Youth Empowerment Society lance un appel d&#8217;offres pour la s\u00e9lection d&#8217;un prestataire de services de restauration afin d&#8217;assurer les prestations pour ses activit\u00e9s pr\u00e9vues \u00e0 T\u00e9mara, Sal\u00e9, et Sidi Kacem. 1. Calendrier et Volume des Prestations [&hellip;]<\/p>\n","protected":false},"author":2,"featured_media":0,"parent":0,"menu_order":0,"comment_status":"closed","ping_status":"closed","template":"","meta":{"footnotes":""},"class_list":["post-913","page","type-page","status-publish","hentry"],"_links":{"self":[{"href":"https:\/\/yesmorocco.org\/ar\/wp-json\/wp\/v2\/pages\/913","targetHints":{"allow":["GET"]}}],"collection":[{"href":"https:\/\/yesmorocco.org\/ar\/wp-json\/wp\/v2\/pages"}],"about":[{"href":"https:\/\/yesmorocco.org\/ar\/wp-json\/wp\/v2\/types\/page"}],"author":[{"embeddable":true,"href":"https:\/\/yesmorocco.org\/ar\/wp-json\/wp\/v2\/users\/2"}],"replies":[{"embeddable":true,"href":"https:\/\/yesmorocco.org\/ar\/wp-json\/wp\/v2\/comments?post=913"}],"version-history":[{"count":26,"href":"https:\/\/yesmorocco.org\/ar\/wp-json\/wp\/v2\/pages\/913\/revisions"}],"predecessor-version":[{"id":1163,"href":"https:\/\/yesmorocco.org\/ar\/wp-json\/wp\/v2\/pages\/913\/revisions\/1163"}],"wp:attachment":[{"href":"https:\/\/yesmorocco.org\/ar\/wp-json\/wp\/v2\/media?parent=913"}],"curies":[{"name":"wp","href":"https:\/\/api.w.org\/{rel}","templated":true}]}}